{"id":1357,"date":"2020-10-25T15:09:59","date_gmt":"2020-10-25T18:09:59","guid":{"rendered":"https:\/\/vivaswiss.com.br\/dev\/?page_id=1357"},"modified":"2021-02-17T21:52:42","modified_gmt":"2021-02-18T00:52:42","slug":"ponto-de-marketing","status":"publish","type":"page","link":"https:\/\/vivaswiss.com.br\/dev\/ponto-de-marketing\/","title":{"rendered":"Ponto de marketing"},"content":{"rendered":"","protected":false},"excerpt":{"rendered":"","protected":false},"author":2,"featured_media":0,"parent":0,"menu_order":0,"comment_status":"closed","ping_status":"closed","template":"pages\/ponto-de-marketing.php","meta":[],"yoast_head":"<!-- This site is optimized with the Yoast SEO plugin v20.6 - https:\/\/yoast.com\/wordpress\/plugins\/seo\/ -->\n<title>Ponto de marketing - Viva Swiss<\/title>\n<meta name=\"robots\" content=\"index, follow, max-snippet:-1, max-image-preview:large, max-video-preview:-1\" \/>\n<link rel=\"canonical\" href=\"https:\/\/vivaswiss.com.br\/dev\/ponto-de-marketing\/\" \/>\n<meta property=\"og:locale\" content=\"pt_BR\" \/>\n<meta property=\"og:type\" content=\"article\" \/>\n<meta property=\"og:title\" content=\"Ponto de marketing - Viva Swiss\" \/>\n<meta property=\"og:url\" content=\"https:\/\/vivaswiss.com.br\/dev\/ponto-de-marketing\/\" \/>\n<meta property=\"og:site_name\" content=\"Viva Swiss\" \/>\n<meta property=\"article:modified_time\" content=\"2021-02-18T00:52:42+00:00\" \/>\n<meta name=\"twitter:card\" content=\"summary_large_image\" \/>\n<script type=\"application\/ld+json\" class=\"yoast-schema-graph\">{\"@context\":\"https:\/\/schema.org\",\"@graph\":[{\"@type\":\"WebPage\",\"@id\":\"https:\/\/vivaswiss.com.br\/dev\/ponto-de-marketing\/\",\"url\":\"https:\/\/vivaswiss.com.br\/dev\/ponto-de-marketing\/\",\"name\":\"Ponto de marketing - Viva Swiss\",\"isPartOf\":{\"@id\":\"https:\/\/vivaswiss.com.br\/dev\/#website\"},\"datePublished\":\"2020-10-25T18:09:59+00:00\",\"dateModified\":\"2021-02-18T00:52:42+00:00\",\"inLanguage\":\"pt-BR\",\"potentialAction\":[{\"@type\":\"ReadAction\",\"target\":[\"https:\/\/vivaswiss.com.br\/dev\/ponto-de-marketing\/\"]}]},{\"@type\":\"WebSite\",\"@id\":\"https:\/\/vivaswiss.com.br\/dev\/#website\",\"url\":\"https:\/\/vivaswiss.com.br\/dev\/\",\"name\":\"Viva Swiss\",\"description\":\"Associa\u00e7\u00e3o de Com\u00e9rcios Viva Swiss\",\"potentialAction\":[{\"@type\":\"SearchAction\",\"target\":{\"@type\":\"EntryPoint\",\"urlTemplate\":\"https:\/\/vivaswiss.com.br\/dev\/?s={search_term_string}\"},\"query-input\":\"required name=search_term_string\"}],\"inLanguage\":\"pt-BR\"}]}<\/script>\n<!-- \/ Yoast SEO plugin. -->","yoast_head_json":{"title":"Ponto de marketing - Viva Swiss","robots":{"index":"index","follow":"follow","max-snippet":"max-snippet:-1","max-image-preview":"max-image-preview:large","max-video-preview":"max-video-preview:-1"},"canonical":"https:\/\/vivaswiss.com.br\/dev\/ponto-de-marketing\/","og_locale":"pt_BR","og_type":"article","og_title":"Ponto de marketing - Viva Swiss","og_url":"https:\/\/vivaswiss.com.br\/dev\/ponto-de-marketing\/","og_site_name":"Viva Swiss","article_modified_time":"2021-02-18T00:52:42+00:00","twitter_card":"summary_large_image","schema":{"@context":"https:\/\/schema.org","@graph":[{"@type":"WebPage","@id":"https:\/\/vivaswiss.com.br\/dev\/ponto-de-marketing\/","url":"https:\/\/vivaswiss.com.br\/dev\/ponto-de-marketing\/","name":"Ponto de marketing - Viva Swiss","isPartOf":{"@id":"https:\/\/vivaswiss.com.br\/dev\/#website"},"datePublished":"2020-10-25T18:09:59+00:00","dateModified":"2021-02-18T00:52:42+00:00","inLanguage":"pt-BR","potentialAction":[{"@type":"ReadAction","target":["https:\/\/vivaswiss.com.br\/dev\/ponto-de-marketing\/"]}]},{"@type":"WebSite","@id":"https:\/\/vivaswiss.com.br\/dev\/#website","url":"https:\/\/vivaswiss.com.br\/dev\/","name":"Viva Swiss","description":"Associa\u00e7\u00e3o de Com\u00e9rcios Viva Swiss","potentialAction":[{"@type":"SearchAction","target":{"@type":"EntryPoint","urlTemplate":"https:\/\/vivaswiss.com.br\/dev\/?s={search_term_string}"},"query-input":"required name=search_term_string"}],"inLanguage":"pt-BR"}]}},"_links":{"self":[{"href":"https:\/\/vivaswiss.com.br\/dev\/wp-json\/wp\/v2\/pages\/1357"}],"collection":[{"href":"https:\/\/vivaswiss.com.br\/dev\/wp-json\/wp\/v2\/pages"}],"about":[{"href":"https:\/\/vivaswiss.com.br\/dev\/wp-json\/wp\/v2\/types\/page"}],"author":[{"embeddable":true,"href":"https:\/\/vivaswiss.com.br\/dev\/wp-json\/wp\/v2\/users\/2"}],"replies":[{"embeddable":true,"href":"https:\/\/vivaswiss.com.br\/dev\/wp-json\/wp\/v2\/comments?post=1357"}],"version-history":[{"count":0,"href":"https:\/\/vivaswiss.com.br\/dev\/wp-json\/wp\/v2\/pages\/1357\/revisions"}],"wp:attachment":[{"href":"https:\/\/vivaswiss.com.br\/dev\/wp-json\/wp\/v2\/media?parent=1357"}],"curies":[{"name":"wp","href":"https:\/\/api.w.org\/{rel}","templated":true}]}}