{"id":14,"date":"2020-02-26T17:38:33","date_gmt":"2020-02-26T20:38:33","guid":{"rendered":"https:\/\/vivaswiss.com.br\/dev\/?page_id=14"},"modified":"2020-06-23T00:20:47","modified_gmt":"2020-06-23T03:20:47","slug":"contato","status":"publish","type":"page","link":"https:\/\/vivaswiss.com.br\/dev\/contato\/","title":{"rendered":"Contato"},"content":{"rendered":"","protected":false},"excerpt":{"rendered":"","protected":false},"author":1,"featured_media":0,"parent":0,"menu_order":0,"comment_status":"closed","ping_status":"closed","template":"pages\/contato.php","meta":[],"yoast_head":"<!-- This site is optimized with the Yoast SEO plugin v20.6 - https:\/\/yoast.com\/wordpress\/plugins\/seo\/ -->\n<title>Contato - Viva Swiss<\/title>\n<meta name=\"description\" content=\"Entre em contato atr\u00e1ves do nosso formul\u00e1rio abaixo.\" \/>\n<meta name=\"robots\" content=\"index, follow, max-snippet:-1, max-image-preview:large, max-video-preview:-1\" \/>\n<link rel=\"canonical\" href=\"https:\/\/vivaswiss.com.br\/dev\/contato\/\" \/>\n<meta property=\"og:locale\" content=\"pt_BR\" \/>\n<meta property=\"og:type\" content=\"article\" \/>\n<meta property=\"og:title\" content=\"Contato - Viva Swiss\" \/>\n<meta property=\"og:description\" content=\"Entre em contato atr\u00e1ves do nosso formul\u00e1rio abaixo.\" \/>\n<meta property=\"og:url\" content=\"https:\/\/vivaswiss.com.br\/dev\/contato\/\" \/>\n<meta property=\"og:site_name\" content=\"Viva Swiss\" \/>\n<meta property=\"article:modified_time\" content=\"2020-06-23T03:20:47+00:00\" \/>\n<meta name=\"twitter:card\" content=\"summary_large_image\" \/>\n<script type=\"application\/ld+json\" class=\"yoast-schema-graph\">{\"@context\":\"https:\/\/schema.org\",\"@graph\":[{\"@type\":\"WebPage\",\"@id\":\"https:\/\/vivaswiss.com.br\/dev\/contato\/\",\"url\":\"https:\/\/vivaswiss.com.br\/dev\/contato\/\",\"name\":\"Contato - Viva Swiss\",\"isPartOf\":{\"@id\":\"https:\/\/vivaswiss.com.br\/dev\/#website\"},\"datePublished\":\"2020-02-26T20:38:33+00:00\",\"dateModified\":\"2020-06-23T03:20:47+00:00\",\"description\":\"Entre em contato atr\u00e1ves do nosso formul\u00e1rio abaixo.\",\"inLanguage\":\"pt-BR\",\"potentialAction\":[{\"@type\":\"ReadAction\",\"target\":[\"https:\/\/vivaswiss.com.br\/dev\/contato\/\"]}]},{\"@type\":\"WebSite\",\"@id\":\"https:\/\/vivaswiss.com.br\/dev\/#website\",\"url\":\"https:\/\/vivaswiss.com.br\/dev\/\",\"name\":\"Viva Swiss\",\"description\":\"Associa\u00e7\u00e3o de Com\u00e9rcios Viva Swiss\",\"potentialAction\":[{\"@type\":\"SearchAction\",\"target\":{\"@type\":\"EntryPoint\",\"urlTemplate\":\"https:\/\/vivaswiss.com.br\/dev\/?s={search_term_string}\"},\"query-input\":\"required name=search_term_string\"}],\"inLanguage\":\"pt-BR\"}]}<\/script>\n<!-- \/ Yoast SEO plugin. -->","yoast_head_json":{"title":"Contato - Viva Swiss","description":"Entre em contato atr\u00e1ves do nosso formul\u00e1rio abaixo.","robots":{"index":"index","follow":"follow","max-snippet":"max-snippet:-1","max-image-preview":"max-image-preview:large","max-video-preview":"max-video-preview:-1"},"canonical":"https:\/\/vivaswiss.com.br\/dev\/contato\/","og_locale":"pt_BR","og_type":"article","og_title":"Contato - Viva Swiss","og_description":"Entre em contato atr\u00e1ves do nosso formul\u00e1rio abaixo.","og_url":"https:\/\/vivaswiss.com.br\/dev\/contato\/","og_site_name":"Viva Swiss","article_modified_time":"2020-06-23T03:20:47+00:00","twitter_card":"summary_large_image","schema":{"@context":"https:\/\/schema.org","@graph":[{"@type":"WebPage","@id":"https:\/\/vivaswiss.com.br\/dev\/contato\/","url":"https:\/\/vivaswiss.com.br\/dev\/contato\/","name":"Contato - Viva Swiss","isPartOf":{"@id":"https:\/\/vivaswiss.com.br\/dev\/#website"},"datePublished":"2020-02-26T20:38:33+00:00","dateModified":"2020-06-23T03:20:47+00:00","description":"Entre em contato atr\u00e1ves do nosso formul\u00e1rio abaixo.","inLanguage":"pt-BR","potentialAction":[{"@type":"ReadAction","target":["https:\/\/vivaswiss.com.br\/dev\/contato\/"]}]},{"@type":"WebSite","@id":"https:\/\/vivaswiss.com.br\/dev\/#website","url":"https:\/\/vivaswiss.com.br\/dev\/","name":"Viva Swiss","description":"Associa\u00e7\u00e3o de Com\u00e9rcios Viva Swiss","potentialAction":[{"@type":"SearchAction","target":{"@type":"EntryPoint","urlTemplate":"https:\/\/vivaswiss.com.br\/dev\/?s={search_term_string}"},"query-input":"required name=search_term_string"}],"inLanguage":"pt-BR"}]}},"_links":{"self":[{"href":"https:\/\/vivaswiss.com.br\/dev\/wp-json\/wp\/v2\/pages\/14"}],"collection":[{"href":"https:\/\/vivaswiss.com.br\/dev\/wp-json\/wp\/v2\/pages"}],"about":[{"href":"https:\/\/vivaswiss.com.br\/dev\/wp-json\/wp\/v2\/types\/page"}],"author":[{"embeddable":true,"href":"https:\/\/vivaswiss.com.br\/dev\/wp-json\/wp\/v2\/users\/1"}],"replies":[{"embeddable":true,"href":"https:\/\/vivaswiss.com.br\/dev\/wp-json\/wp\/v2\/comments?post=14"}],"version-history":[{"count":0,"href":"https:\/\/vivaswiss.com.br\/dev\/wp-json\/wp\/v2\/pages\/14\/revisions"}],"wp:attachment":[{"href":"https:\/\/vivaswiss.com.br\/dev\/wp-json\/wp\/v2\/media?parent=14"}],"curies":[{"name":"wp","href":"https:\/\/api.w.org\/{rel}","templated":true}]}}