{"id":2276,"date":"2021-07-13T12:35:26","date_gmt":"2021-07-13T15:35:26","guid":{"rendered":"https:\/\/vivaswiss.com.br\/dev\/?page_id=2276"},"modified":"2021-07-15T16:42:25","modified_gmt":"2021-07-15T19:42:25","slug":"ferias","status":"publish","type":"page","link":"https:\/\/vivaswiss.com.br\/dev\/ferias\/","title":{"rendered":"F\u00e9rias"},"content":{"rendered":"\n<div class=\"wpcf7 no-js\" id=\"wpcf7-f2275-o1\" lang=\"pt-BR\" dir=\"ltr\">\n<div class=\"screen-reader-response\"><p role=\"status\" aria-live=\"polite\" aria-atomic=\"true\"><\/p> <ul><\/ul><\/div>\n<form action=\"\/dev\/wp-json\/wp\/v2\/pages\/2276#wpcf7-f2275-o1\" method=\"post\" class=\"wpcf7-form init\" aria-label=\"Formul\u00e1rios de contato\" enctype=\"multipart\/form-data\" novalidate=\"novalidate\" data-status=\"init\">\n<div style=\"display: none;\">\n<input type=\"hidden\" name=\"_wpcf7\" value=\"2275\" \/>\n<input type=\"hidden\" name=\"_wpcf7_version\" value=\"5.7.7\" \/>\n<input type=\"hidden\" name=\"_wpcf7_locale\" value=\"pt_BR\" \/>\n<input type=\"hidden\" name=\"_wpcf7_unit_tag\" value=\"wpcf7-f2275-o1\" \/>\n<input type=\"hidden\" name=\"_wpcf7_container_post\" value=\"0\" \/>\n<input type=\"hidden\" name=\"_wpcf7_posted_data_hash\" value=\"\" \/>\n<\/div>\n<div class=\"row\">\n\t<div class=\"col-md-12 mt-2 mb-2\">\n\t\t<p><span class=\"wpcf7-form-control-wrap\" data-name=\"nome\"><input size=\"40\" class=\"wpcf7-form-control wpcf7-text wpcf7-validates-as-required form-control rounded\" aria-required=\"true\" aria-invalid=\"false\" placeholder=\"* Nome: (obrigat\u00f3rio nome completo)\" value=\"\" type=\"text\" name=\"nome\" \/><\/span>\n\t\t<\/p>\n\t<\/div>\n\t<div class=\"col-md-12 mt-2 mb-2\">\n\t\t<p><span class=\"wpcf7-form-control-wrap\" data-name=\"email\"><input size=\"40\" class=\"wpcf7-form-control wpcf7-text wpcf7-email wpcf7-validates-as-required wpcf7-validates-as-email form-control rounded\" aria-required=\"true\" aria-invalid=\"false\" placeholder=\"* E-mail:\" value=\"\" type=\"email\" name=\"email\" \/><\/span>\n\t\t<\/p>\n\t<\/div>\n\t<div class=\"col-md-6 mt-2 mb-2\">\n\t\t<p><span class=\"wpcf7-form-control-wrap\" data-name=\"cpf\"><input size=\"40\" class=\"wpcf7-form-control wpcf7-text wpcf7-validates-as-required form-control rounded\" id=\"cpf\" aria-required=\"true\" aria-invalid=\"false\" placeholder=\"* CPF: (somente n\u00fameros)\" value=\"\" type=\"text\" name=\"cpf\" \/><\/span>\n\t\t<\/p>\n\t<\/div>\n\t<div class=\"col-md-6 mt-2 mb-2\">\n\t\t<p><span class=\"wpcf7-form-control-wrap\" data-name=\"cel\"><input size=\"40\" class=\"wpcf7-form-control wpcf7-text wpcf7-tel wpcf7-validates-as-required wpcf7-validates-as-tel form-control rounded mask-tel\" aria-required=\"true\" aria-invalid=\"false\" placeholder=\"* Cel:\" value=\"\" type=\"tel\" name=\"cel\" \/><\/span>\n\t\t<\/p>\n\t<\/div>\n\t<div class=\"col-md-6 mt-2 mb-2\">\n\t\t<p><span class=\"wpcf7-form-control-wrap\" data-name=\"loja\"><input size=\"40\" class=\"wpcf7-form-control wpcf7-text wpcf7-validates-as-required form-control rounded\" aria-required=\"true\" aria-invalid=\"false\" placeholder=\"* Loja:\" value=\"\" type=\"text\" name=\"loja\" \/><\/span>\n\t\t<\/p>\n\t<\/div>\n\t<div class=\"col-md-6 mt-2 mb-2\">\n\t\t<p><span class=\"wpcf7-form-control-wrap\" data-name=\"valor-nota\"><input size=\"40\" class=\"wpcf7-form-control wpcf7-text wpcf7-validates-as-required form-control rounded\" aria-required=\"true\" aria-invalid=\"false\" placeholder=\"* Valor da nota\/cupom:\" value=\"\" type=\"text\" name=\"valor-nota\" \/><\/span>\n\t\t<\/p>\n\t<\/div>\n\t<div class=\"col-md-6 mt-2 mb-2\">\n\t\t<p><span class=\"wpcf7-form-control-wrap\" data-name=\"arquivo\"><input size=\"40\" class=\"wpcf7-form-control wpcf7-file wpcf7-validates-as-required btn-ferias\" id=\"arquivo\" accept=\".jpg,.png,.pdf\" aria-required=\"true\" aria-invalid=\"false\" type=\"file\" name=\"arquivo\" \/><\/span>\n\t\t<\/p>\n\t\t<p class=\"txt-arquivo\">Anexe a foto do comprovante no bot\u00e3o acima\n\t\t<\/p>\n\t\t<p>Os campos com (*) s\u00e3o obrigat\u00f3rios\n\t\t<\/p>\n\t<\/div>\n\t<div class=\"col-md-6 mt-2 mb-2\">\n\t\t<p><input class=\"wpcf7-form-control has-spinner wpcf7-submit btn-ferias\" type=\"submit\" value=\"Enviar\" \/>\n\t\t<\/p>\n\t<\/div>\n<\/div><div class=\"wpcf7-response-output\" aria-hidden=\"true\"><\/div>\n<\/form>\n<\/div>\n\n","protected":false},"excerpt":{"rendered":"","protected":false},"author":2,"featured_media":0,"parent":0,"menu_order":0,"comment_status":"closed","ping_status":"closed","template":"pages\/ferias.php","meta":[],"yoast_head":"<!-- This site is optimized with the Yoast SEO plugin v20.6 - https:\/\/yoast.com\/wordpress\/plugins\/seo\/ -->\n<title>F\u00e9rias - Viva Swiss<\/title>\n<meta name=\"robots\" content=\"index, follow, max-snippet:-1, max-image-preview:large, max-video-preview:-1\" \/>\n<link rel=\"canonical\" href=\"https:\/\/vivaswiss.com.br\/dev\/ferias\/\" \/>\n<meta property=\"og:locale\" content=\"pt_BR\" \/>\n<meta property=\"og:type\" content=\"article\" \/>\n<meta property=\"og:title\" content=\"F\u00e9rias - Viva Swiss\" \/>\n<meta property=\"og:url\" content=\"https:\/\/vivaswiss.com.br\/dev\/ferias\/\" \/>\n<meta property=\"og:site_name\" content=\"Viva Swiss\" \/>\n<meta property=\"article:modified_time\" content=\"2021-07-15T19:42:25+00:00\" \/>\n<meta name=\"twitter:card\" content=\"summary_large_image\" \/>\n<script type=\"application\/ld+json\" class=\"yoast-schema-graph\">{\"@context\":\"https:\/\/schema.org\",\"@graph\":[{\"@type\":\"WebPage\",\"@id\":\"https:\/\/vivaswiss.com.br\/dev\/ferias\/\",\"url\":\"https:\/\/vivaswiss.com.br\/dev\/ferias\/\",\"name\":\"F\u00e9rias - Viva Swiss\",\"isPartOf\":{\"@id\":\"https:\/\/vivaswiss.com.br\/dev\/#website\"},\"datePublished\":\"2021-07-13T15:35:26+00:00\",\"dateModified\":\"2021-07-15T19:42:25+00:00\",\"inLanguage\":\"pt-BR\",\"potentialAction\":[{\"@type\":\"ReadAction\",\"target\":[\"https:\/\/vivaswiss.com.br\/dev\/ferias\/\"]}]},{\"@type\":\"WebSite\",\"@id\":\"https:\/\/vivaswiss.com.br\/dev\/#website\",\"url\":\"https:\/\/vivaswiss.com.br\/dev\/\",\"name\":\"Viva Swiss\",\"description\":\"Associa\u00e7\u00e3o de Com\u00e9rcios Viva Swiss\",\"potentialAction\":[{\"@type\":\"SearchAction\",\"target\":{\"@type\":\"EntryPoint\",\"urlTemplate\":\"https:\/\/vivaswiss.com.br\/dev\/?s={search_term_string}\"},\"query-input\":\"required name=search_term_string\"}],\"inLanguage\":\"pt-BR\"}]}<\/script>\n<!-- \/ Yoast SEO plugin. -->","yoast_head_json":{"title":"F\u00e9rias - Viva Swiss","robots":{"index":"index","follow":"follow","max-snippet":"max-snippet:-1","max-image-preview":"max-image-preview:large","max-video-preview":"max-video-preview:-1"},"canonical":"https:\/\/vivaswiss.com.br\/dev\/ferias\/","og_locale":"pt_BR","og_type":"article","og_title":"F\u00e9rias - Viva Swiss","og_url":"https:\/\/vivaswiss.com.br\/dev\/ferias\/","og_site_name":"Viva Swiss","article_modified_time":"2021-07-15T19:42:25+00:00","twitter_card":"summary_large_image","schema":{"@context":"https:\/\/schema.org","@graph":[{"@type":"WebPage","@id":"https:\/\/vivaswiss.com.br\/dev\/ferias\/","url":"https:\/\/vivaswiss.com.br\/dev\/ferias\/","name":"F\u00e9rias - Viva Swiss","isPartOf":{"@id":"https:\/\/vivaswiss.com.br\/dev\/#website"},"datePublished":"2021-07-13T15:35:26+00:00","dateModified":"2021-07-15T19:42:25+00:00","inLanguage":"pt-BR","potentialAction":[{"@type":"ReadAction","target":["https:\/\/vivaswiss.com.br\/dev\/ferias\/"]}]},{"@type":"WebSite","@id":"https:\/\/vivaswiss.com.br\/dev\/#website","url":"https:\/\/vivaswiss.com.br\/dev\/","name":"Viva Swiss","description":"Associa\u00e7\u00e3o de Com\u00e9rcios Viva Swiss","potentialAction":[{"@type":"SearchAction","target":{"@type":"EntryPoint","urlTemplate":"https:\/\/vivaswiss.com.br\/dev\/?s={search_term_string}"},"query-input":"required name=search_term_string"}],"inLanguage":"pt-BR"}]}},"_links":{"self":[{"href":"https:\/\/vivaswiss.com.br\/dev\/wp-json\/wp\/v2\/pages\/2276"}],"collection":[{"href":"https:\/\/vivaswiss.com.br\/dev\/wp-json\/wp\/v2\/pages"}],"about":[{"href":"https:\/\/vivaswiss.com.br\/dev\/wp-json\/wp\/v2\/types\/page"}],"author":[{"embeddable":true,"href":"https:\/\/vivaswiss.com.br\/dev\/wp-json\/wp\/v2\/users\/2"}],"replies":[{"embeddable":true,"href":"https:\/\/vivaswiss.com.br\/dev\/wp-json\/wp\/v2\/comments?post=2276"}],"version-history":[{"count":0,"href":"https:\/\/vivaswiss.com.br\/dev\/wp-json\/wp\/v2\/pages\/2276\/revisions"}],"wp:attachment":[{"href":"https:\/\/vivaswiss.com.br\/dev\/wp-json\/wp\/v2\/media?parent=2276"}],"curies":[{"name":"wp","href":"https:\/\/api.w.org\/{rel}","templated":true}]}}